{"id":3434,"date":"2021-10-25T18:49:41","date_gmt":"2021-10-25T15:49:41","guid":{"rendered":"https:\/\/petinya.org\/blog\/?page_id=3434"},"modified":"2021-10-25T18:49:41","modified_gmt":"2021-10-25T15:49:41","slug":"hakkimizda","status":"publish","type":"page","link":"https:\/\/petinya.org\/blog\/hakkimizda\/","title":{"rendered":"Hakk\u0131m\u0131zda"},"content":{"rendered":"<p><strong>Ho\u015f Geldiniz!<\/strong><\/p>\n<p>petinya.org\/blog, bilgiye ula\u015fman\u0131n, deneyimlerinizi payla\u015fman\u0131n ve ki\u015fisel geli\u015fiminizi desteklemenin bir yolu olarak hayat buldu. \u00c7e\u015fitli kategorilerde sundu\u011fumuz i\u00e7erikler ile sizlere bilgi da\u011farc\u0131\u011f\u0131n\u0131z\u0131 geni\u015fletme, yeni konular hakk\u0131nda fikir sahibi olma ve g\u00fcnl\u00fck ya\u015fam\u0131n\u0131z\u0131 iyile\u015ftirme f\u0131rsat\u0131 sunuyoruz.<\/p>\n<p>Biz, petinya.org\/blog ekibi olarak, bilginin g\u00fc\u00e7 oldu\u011funa inan\u0131yoruz ve sizlere en do\u011fru, g\u00fcncel ve ilgi \u00e7ekici i\u00e7erikleri sunmak i\u00e7in s\u00fcrekli \u00e7al\u0131\u015f\u0131yoruz. Siz de bu yolculukta bizimle birlikte olun, bilgiye olan a\u00e7l\u0131\u011f\u0131n\u0131z\u0131 giderin ve hayat\u0131n\u0131z\u0131 daha bilin\u00e7li bir \u015fekilde ya\u015fay\u0131n.<\/p>\n<p><strong>Te\u015fekk\u00fcr ederiz!<\/strong><\/p>\n<figure id=\"attachment_12040\" aria-describedby=\"caption-attachment-12040\" style=\"width: 1910px\" class=\"wp-caption alignnone\"><img loading=\"lazy\" decoding=\"async\" class=\"size-full wp-image-12040\" title=\"yazarlarimiz\" src=\"https:\/\/petinya.org\/blog\/wp-content\/uploads\/2023\/10\/yazarlarimiz.jpg\" alt=\"yazarlarimiz\" width=\"1920\" height=\"1080\" srcset=\"https:\/\/petinya.org\/blog\/wp-content\/uploads\/2023\/10\/yazarlarimiz.jpg 1920w, https:\/\/petinya.org\/blog\/wp-content\/uploads\/2023\/10\/yazarlarimiz-768x432.jpg 768w, https:\/\/petinya.org\/blog\/wp-content\/uploads\/2023\/10\/yazarlarimiz-1536x864.jpg 1536w\" sizes=\"auto, (max-width: 1920px) 100vw, 1920px\" \/><figcaption id=\"caption-attachment-12040\" class=\"wp-caption-text\">Hakk\u0131m\u0131zda<\/figcaption><\/figure>\n<p>&nbsp;<\/p>\n","protected":false},"excerpt":{"rendered":"<p>Ho\u015f Geldiniz! petinya.org\/blog, bilgiye ula\u015fman\u0131n, deneyimlerinizi payla\u015fman\u0131n ve ki\u015fisel geli\u015fiminizi desteklemenin bir yolu olarak hayat buldu. \u00c7e\u015fitli kategorilerde sundu\u011fumuz i\u00e7erikler ile sizlere bilgi da\u011farc\u0131\u011f\u0131n\u0131z\u0131 geni\u015fletme, yeni konular hakk\u0131nda fikir sahibi olma ve g\u00fcnl\u00fck &#8230; <\/p>\n<p class=\"read-more-container\"><a title=\"Hakk\u0131m\u0131zda\" class=\"read-more button\" href=\"https:\/\/petinya.org\/blog\/hakkimizda\/#more-3434\" aria-label=\"Read more about Hakk\u0131m\u0131zda\">Devam\u0131n\u0131 Oku<\/a><\/p>\n","protected":false},"author":2,"featured_media":0,"parent":0,"menu_order":0,"comment_status":"closed","ping_status":"closed","template":"","meta":{"footnotes":""},"class_list":["post-3434","page","type-page","status-publish"],"_links":{"self":[{"href":"https:\/\/petinya.org\/blog\/wp-json\/wp\/v2\/pages\/3434","targetHints":{"allow":["GET"]}}],"collection":[{"href":"https:\/\/petinya.org\/blog\/wp-json\/wp\/v2\/pages"}],"about":[{"href":"https:\/\/petinya.org\/blog\/wp-json\/wp\/v2\/types\/page"}],"author":[{"embeddable":true,"href":"https:\/\/petinya.org\/blog\/wp-json\/wp\/v2\/users\/2"}],"replies":[{"embeddable":true,"href":"https:\/\/petinya.org\/blog\/wp-json\/wp\/v2\/comments?post=3434"}],"version-history":[{"count":0,"href":"https:\/\/petinya.org\/blog\/wp-json\/wp\/v2\/pages\/3434\/revisions"}],"wp:attachment":[{"href":"https:\/\/petinya.org\/blog\/wp-json\/wp\/v2\/media?parent=3434"}],"curies":[{"name":"wp","href":"https:\/\/api.w.org\/{rel}","templated":true}]}}