{"id":3329,"date":"2021-05-22T11:01:38","date_gmt":"2021-05-22T08:01:38","guid":{"rendered":"https:\/\/www.petinya.org\/blog\/?page_id=3329"},"modified":"2021-05-22T11:01:38","modified_gmt":"2021-05-22T08:01:38","slug":"iletisim","status":"publish","type":"page","link":"https:\/\/petinya.org\/blog\/iletisim\/","title":{"rendered":"iletisim"},"content":{"rendered":"<p>Site y\u00f6netimi ile ileti\u015fime ge\u00e7mek i\u00e7in a\u015fa\u011f\u0131da yer alan ileti\u015fim formunu kullanabilirsiniz.<\/p>\n<p>Formun \u00e7al\u0131\u015fmad\u0131\u011f\u0131 durumlarda; <strong>petinya@petinya.org\/blog<\/strong><em> e-posta adresinden bizimle ileti\u015fime ge\u00e7ebilirsiniz.<\/em><\/p>\n<p>&nbsp;<\/p>\n","protected":false},"excerpt":{"rendered":"<p>Site y\u00f6netimi ile ileti\u015fime ge\u00e7mek i\u00e7in a\u015fa\u011f\u0131da yer alan ileti\u015fim formunu kullanabilirsiniz. Formun \u00e7al\u0131\u015fmad\u0131\u011f\u0131 durumlarda; petinya@petinya.org\/blog e-posta adresinden bizimle ileti\u015fime ge\u00e7ebilirsiniz. &nbsp;<\/p>\n","protected":false},"author":2,"featured_media":0,"parent":0,"menu_order":0,"comment_status":"closed","ping_status":"closed","template":"","meta":{"footnotes":""},"class_list":["post-3329","page","type-page","status-publish"],"_links":{"self":[{"href":"https:\/\/petinya.org\/blog\/wp-json\/wp\/v2\/pages\/3329","targetHints":{"allow":["GET"]}}],"collection":[{"href":"https:\/\/petinya.org\/blog\/wp-json\/wp\/v2\/pages"}],"about":[{"href":"https:\/\/petinya.org\/blog\/wp-json\/wp\/v2\/types\/page"}],"author":[{"embeddable":true,"href":"https:\/\/petinya.org\/blog\/wp-json\/wp\/v2\/users\/2"}],"replies":[{"embeddable":true,"href":"https:\/\/petinya.org\/blog\/wp-json\/wp\/v2\/comments?post=3329"}],"version-history":[{"count":0,"href":"https:\/\/petinya.org\/blog\/wp-json\/wp\/v2\/pages\/3329\/revisions"}],"wp:attachment":[{"href":"https:\/\/petinya.org\/blog\/wp-json\/wp\/v2\/media?parent=3329"}],"curies":[{"name":"wp","href":"https:\/\/api.w.org\/{rel}","templated":true}]}}